{"id":9829,"date":"2019-05-23T12:52:57","date_gmt":"2019-05-23T10:52:57","guid":{"rendered":"https:\/\/bohotell.no\/om-hotellet\/"},"modified":"2020-11-18T12:35:57","modified_gmt":"2020-11-18T11:35:57","slug":"about-hotel","status":"publish","type":"page","link":"https:\/\/bohotell.no\/en\/about-hotel\/","title":{"rendered":"About B\u00f8 Hotell"},"content":{"rendered":"<div id=\"cs-content\" class=\"cs-content\"><\/div>\n","protected":false},"excerpt":{"rendered":"<p>B\u00f8 Hotell, &#8220;The meeting place in the middle of Telemark&#8221;. &nbsp;&nbsp;B\u00f8 Hotell is the only hotel in B\u00f8 i Telemark and we are centrally located in the center of B\u00f8. In sommer season the hotel functions as a tourist hotel and in autumn, winter and spring the hotel is meeting and conference hotel. The hotel has over 60 rooms, many &#8230; <\/p>\n<div><a href=\"https:\/\/bohotell.no\/en\/about-hotel\/\" class=\"more-link\">Read More<\/a><\/div>\n","protected":false},"author":6,"featured_media":0,"parent":0,"menu_order":3,"comment_status":"closed","ping_status":"closed","template":"template-blank-4.php","meta":{"_relevanssi_hide_post":"","_relevanssi_hide_content":"","_relevanssi_pin_for_all":"","_relevanssi_pin_keywords":"","_relevanssi_unpin_keywords":"","_relevanssi_related_keywords":"","_relevanssi_related_include_ids":"","_relevanssi_related_exclude_ids":"","_relevanssi_related_no_append":"","_relevanssi_related_not_related":"","_relevanssi_related_posts":"","_relevanssi_noindex_reason":"","footnotes":""},"class_list":["post-9829","page","type-page","status-publish","hentry","no-post-thumbnail"],"yoast_head":"<!-- This site is optimized with the Yoast SEO plugin v27.5 - https:\/\/yoast.com\/product\/yoast-seo-wordpress\/ -->\n<title>About B\u00f8 Hotell - B\u00f8 Hotell<\/title>\n<meta name=\"description\" content=\"B\u00f8 Hotell is the only hotel in B\u00f8 i Telemark and is centrally located . The hotel has over 60 rooms, many meeting rooms and a large restaurant\" \/>\n<meta name=\"robots\" content=\"index, follow, max-snippet:-1, max-image-preview:large, max-video-preview:-1\" \/>\n<link rel=\"canonical\" href=\"https:\/\/bohotell.no\/en\/about-hotel\/\" \/>\n<meta property=\"og:locale\" content=\"en_US\" \/>\n<meta property=\"og:type\" content=\"article\" \/>\n<meta property=\"og:title\" content=\"About B\u00f8 Hotell - B\u00f8 Hotell\" \/>\n<meta property=\"og:description\" content=\"B\u00f8 Hotell is the only hotel in B\u00f8 i Telemark and is centrally located . The hotel has over 60 rooms, many meeting rooms and a large restaurant\" \/>\n<meta property=\"og:url\" content=\"https:\/\/bohotell.no\/en\/about-hotel\/\" \/>\n<meta property=\"og:site_name\" content=\"B\u00f8 Hotell\" \/>\n<meta property=\"article:modified_time\" content=\"2020-11-18T11:35:57+00:00\" \/>\n<meta name=\"twitter:card\" content=\"summary_large_image\" \/>\n<meta name=\"twitter:label1\" content=\"Est. reading time\" \/>\n\t<meta name=\"twitter:data1\" content=\"6 minutes\" \/>\n<script type=\"application\/ld+json\" class=\"yoast-schema-graph\">{\"@context\":\"https:\\\/\\\/schema.org\",\"@graph\":[{\"@type\":\"WebPage\",\"@id\":\"https:\\\/\\\/bohotell.no\\\/en\\\/about-hotel\\\/\",\"url\":\"https:\\\/\\\/bohotell.no\\\/en\\\/about-hotel\\\/\",\"name\":\"About B\u00f8 Hotell - B\u00f8 Hotell\",\"isPartOf\":{\"@id\":\"https:\\\/\\\/bohotell.no\\\/en\\\/#website\"},\"datePublished\":\"2019-05-23T10:52:57+00:00\",\"dateModified\":\"2020-11-18T11:35:57+00:00\",\"description\":\"B\u00f8 Hotell is the only hotel in B\u00f8 i Telemark and is centrally located . The hotel has over 60 rooms, many meeting rooms and a large restaurant\",\"breadcrumb\":{\"@id\":\"https:\\\/\\\/bohotell.no\\\/en\\\/about-hotel\\\/#breadcrumb\"},\"inLanguage\":\"en-US\",\"potentialAction\":[{\"@type\":\"ReadAction\",\"target\":[\"https:\\\/\\\/bohotell.no\\\/en\\\/about-hotel\\\/\"]}]},{\"@type\":\"BreadcrumbList\",\"@id\":\"https:\\\/\\\/bohotell.no\\\/en\\\/about-hotel\\\/#breadcrumb\",\"itemListElement\":[{\"@type\":\"ListItem\",\"position\":1,\"name\":\"Hjem\",\"item\":\"https:\\\/\\\/bohotell.no\\\/en\\\/bo-hotell\\\/\"},{\"@type\":\"ListItem\",\"position\":2,\"name\":\"About B\u00f8 Hotell\"}]},{\"@type\":\"WebSite\",\"@id\":\"https:\\\/\\\/bohotell.no\\\/en\\\/#website\",\"url\":\"https:\\\/\\\/bohotell.no\\\/en\\\/\",\"name\":\"B\u00f8 Hotell\",\"description\":\"One online experience - for everything your destination has to offer.\",\"potentialAction\":[{\"@type\":\"SearchAction\",\"target\":{\"@type\":\"EntryPoint\",\"urlTemplate\":\"https:\\\/\\\/bohotell.no\\\/en\\\/?s={search_term_string}\"},\"query-input\":{\"@type\":\"PropertyValueSpecification\",\"valueRequired\":true,\"valueName\":\"search_term_string\"}}],\"inLanguage\":\"en-US\"}]}<\/script>\n<!-- \/ Yoast SEO plugin. -->","yoast_head_json":{"title":"About B\u00f8 Hotell - B\u00f8 Hotell","description":"B\u00f8 Hotell is the only hotel in B\u00f8 i Telemark and is centrally located . The hotel has over 60 rooms, many meeting rooms and a large restaurant","robots":{"index":"index","follow":"follow","max-snippet":"max-snippet:-1","max-image-preview":"max-image-preview:large","max-video-preview":"max-video-preview:-1"},"canonical":"https:\/\/bohotell.no\/en\/about-hotel\/","og_locale":"en_US","og_type":"article","og_title":"About B\u00f8 Hotell - B\u00f8 Hotell","og_description":"B\u00f8 Hotell is the only hotel in B\u00f8 i Telemark and is centrally located . The hotel has over 60 rooms, many meeting rooms and a large restaurant","og_url":"https:\/\/bohotell.no\/en\/about-hotel\/","og_site_name":"B\u00f8 Hotell","article_modified_time":"2020-11-18T11:35:57+00:00","twitter_card":"summary_large_image","twitter_misc":{"Est. reading time":"6 minutes"},"schema":{"@context":"https:\/\/schema.org","@graph":[{"@type":"WebPage","@id":"https:\/\/bohotell.no\/en\/about-hotel\/","url":"https:\/\/bohotell.no\/en\/about-hotel\/","name":"About B\u00f8 Hotell - B\u00f8 Hotell","isPartOf":{"@id":"https:\/\/bohotell.no\/en\/#website"},"datePublished":"2019-05-23T10:52:57+00:00","dateModified":"2020-11-18T11:35:57+00:00","description":"B\u00f8 Hotell is the only hotel in B\u00f8 i Telemark and is centrally located . The hotel has over 60 rooms, many meeting rooms and a large restaurant","breadcrumb":{"@id":"https:\/\/bohotell.no\/en\/about-hotel\/#breadcrumb"},"inLanguage":"en-US","potentialAction":[{"@type":"ReadAction","target":["https:\/\/bohotell.no\/en\/about-hotel\/"]}]},{"@type":"BreadcrumbList","@id":"https:\/\/bohotell.no\/en\/about-hotel\/#breadcrumb","itemListElement":[{"@type":"ListItem","position":1,"name":"Hjem","item":"https:\/\/bohotell.no\/en\/bo-hotell\/"},{"@type":"ListItem","position":2,"name":"About B\u00f8 Hotell"}]},{"@type":"WebSite","@id":"https:\/\/bohotell.no\/en\/#website","url":"https:\/\/bohotell.no\/en\/","name":"B\u00f8 Hotell","description":"One online experience - for everything your destination has to offer.","potentialAction":[{"@type":"SearchAction","target":{"@type":"EntryPoint","urlTemplate":"https:\/\/bohotell.no\/en\/?s={search_term_string}"},"query-input":{"@type":"PropertyValueSpecification","valueRequired":true,"valueName":"search_term_string"}}],"inLanguage":"en-US"}]}},"_links":{"self":[{"href":"https:\/\/bohotell.no\/en\/wp-json\/wp\/v2\/pages\/9829","targetHints":{"allow":["GET"]}}],"collection":[{"href":"https:\/\/bohotell.no\/en\/wp-json\/wp\/v2\/pages"}],"about":[{"href":"https:\/\/bohotell.no\/en\/wp-json\/wp\/v2\/types\/page"}],"author":[{"embeddable":true,"href":"https:\/\/bohotell.no\/en\/wp-json\/wp\/v2\/users\/6"}],"replies":[{"embeddable":true,"href":"https:\/\/bohotell.no\/en\/wp-json\/wp\/v2\/comments?post=9829"}],"version-history":[{"count":4,"href":"https:\/\/bohotell.no\/en\/wp-json\/wp\/v2\/pages\/9829\/revisions"}],"predecessor-version":[{"id":9833,"href":"https:\/\/bohotell.no\/en\/wp-json\/wp\/v2\/pages\/9829\/revisions\/9833"}],"wp:attachment":[{"href":"https:\/\/bohotell.no\/en\/wp-json\/wp\/v2\/media?parent=9829"}],"curies":[{"name":"wp","href":"https:\/\/api.w.org\/{rel}","templated":true}]}}