{"id":9689,"date":"2019-03-27T13:53:09","date_gmt":"2019-03-27T12:53:09","guid":{"rendered":"https:\/\/bohotell.no\/overnatting\/"},"modified":"2023-01-20T05:59:07","modified_gmt":"2023-01-20T04:59:07","slug":"accommodation","status":"publish","type":"page","link":"https:\/\/bohotell.no\/en\/accommodation\/","title":{"rendered":"Accommodation"},"content":{"rendered":"<div id=\"cs-content\" class=\"cs-content\"><\/div>\n","protected":false},"excerpt":{"rendered":"<p>Ankomst Avreise 1 2 3 4 5 6 7 8 9 Voksne 0 1 2 3 4 5 6 7 8 9 Barn Overnatting sentralt i B\u00f8. N\u00e6r B\u00f8 Sommarland og Universitetet i S\u00f8r\u00f8st-Norge. &nbsp;Accommodation in B\u00f8 and Vestfold and TelemarkB\u00f8 Hotell is the closest hotel to B\u00f8 Sommarland and has the University of Southeast Norway as its nearest neighbour. &#8230; <\/p>\n<div><a href=\"https:\/\/bohotell.no\/en\/accommodation\/\" class=\"more-link\">Read More<\/a><\/div>\n","protected":false},"author":6,"featured_media":0,"parent":0,"menu_order":3,"comment_status":"closed","ping_status":"closed","template":"template-blank-4.php","meta":{"_relevanssi_hide_post":"","_relevanssi_hide_content":"","_relevanssi_pin_for_all":"","_relevanssi_pin_keywords":"","_relevanssi_unpin_keywords":"","_relevanssi_related_keywords":"","_relevanssi_related_include_ids":"","_relevanssi_related_exclude_ids":"","_relevanssi_related_no_append":"","_relevanssi_related_not_related":"","_relevanssi_related_posts":"","_relevanssi_noindex_reason":"","footnotes":""},"class_list":["post-9689","page","type-page","status-publish","hentry","no-post-thumbnail"],"yoast_head":"<!-- This site is optimized with the Yoast SEO plugin v27.5 - https:\/\/yoast.com\/product\/yoast-seo-wordpress\/ -->\n<title>Accommodation - B\u00f8 Hotell<\/title>\n<meta name=\"robots\" content=\"index, follow, max-snippet:-1, max-image-preview:large, max-video-preview:-1\" \/>\n<link rel=\"canonical\" href=\"https:\/\/bohotell.no\/en\/accommodation\/\" \/>\n<meta property=\"og:locale\" content=\"en_US\" \/>\n<meta property=\"og:type\" content=\"article\" \/>\n<meta property=\"og:title\" content=\"Accommodation - B\u00f8 Hotell\" \/>\n<meta property=\"og:description\" content=\"Ankomst Avreise 1 2 3 4 5 6 7 8 9 Voksne 0 1 2 3 4 5 6 7 8 9 Barn Overnatting sentralt i B\u00f8. N\u00e6r B\u00f8 Sommarland og Universitetet i S\u00f8r\u00f8st-Norge. &nbsp;Accommodation in B\u00f8 and Vestfold and TelemarkB\u00f8 Hotell is the closest hotel to B\u00f8 Sommarland and has the University of Southeast Norway as its nearest neighbour. ... Read More\" \/>\n<meta property=\"og:url\" content=\"https:\/\/bohotell.no\/en\/accommodation\/\" \/>\n<meta property=\"og:site_name\" content=\"B\u00f8 Hotell\" \/>\n<meta property=\"article:modified_time\" content=\"2023-01-20T04:59:07+00:00\" \/>\n<meta name=\"twitter:card\" content=\"summary_large_image\" \/>\n<meta name=\"twitter:label1\" content=\"Est. reading time\" \/>\n\t<meta name=\"twitter:data1\" content=\"8 minutes\" \/>\n<script type=\"application\/ld+json\" class=\"yoast-schema-graph\">{\"@context\":\"https:\\\/\\\/schema.org\",\"@graph\":[{\"@type\":\"WebPage\",\"@id\":\"https:\\\/\\\/bohotell.no\\\/en\\\/accommodation\\\/\",\"url\":\"https:\\\/\\\/bohotell.no\\\/en\\\/accommodation\\\/\",\"name\":\"Accommodation - B\u00f8 Hotell\",\"isPartOf\":{\"@id\":\"https:\\\/\\\/bohotell.no\\\/en\\\/#website\"},\"datePublished\":\"2019-03-27T12:53:09+00:00\",\"dateModified\":\"2023-01-20T04:59:07+00:00\",\"breadcrumb\":{\"@id\":\"https:\\\/\\\/bohotell.no\\\/en\\\/accommodation\\\/#breadcrumb\"},\"inLanguage\":\"en-US\",\"potentialAction\":[{\"@type\":\"ReadAction\",\"target\":[\"https:\\\/\\\/bohotell.no\\\/en\\\/accommodation\\\/\"]}]},{\"@type\":\"BreadcrumbList\",\"@id\":\"https:\\\/\\\/bohotell.no\\\/en\\\/accommodation\\\/#breadcrumb\",\"itemListElement\":[{\"@type\":\"ListItem\",\"position\":1,\"name\":\"Hjem\",\"item\":\"https:\\\/\\\/bohotell.no\\\/en\\\/bo-hotell\\\/\"},{\"@type\":\"ListItem\",\"position\":2,\"name\":\"Accommodation\"}]},{\"@type\":\"WebSite\",\"@id\":\"https:\\\/\\\/bohotell.no\\\/en\\\/#website\",\"url\":\"https:\\\/\\\/bohotell.no\\\/en\\\/\",\"name\":\"B\u00f8 Hotell\",\"description\":\"One online experience - for everything your destination has to offer.\",\"potentialAction\":[{\"@type\":\"SearchAction\",\"target\":{\"@type\":\"EntryPoint\",\"urlTemplate\":\"https:\\\/\\\/bohotell.no\\\/en\\\/?s={search_term_string}\"},\"query-input\":{\"@type\":\"PropertyValueSpecification\",\"valueRequired\":true,\"valueName\":\"search_term_string\"}}],\"inLanguage\":\"en-US\"}]}<\/script>\n<!-- \/ Yoast SEO plugin. -->","yoast_head_json":{"title":"Accommodation - B\u00f8 Hotell","robots":{"index":"index","follow":"follow","max-snippet":"max-snippet:-1","max-image-preview":"max-image-preview:large","max-video-preview":"max-video-preview:-1"},"canonical":"https:\/\/bohotell.no\/en\/accommodation\/","og_locale":"en_US","og_type":"article","og_title":"Accommodation - B\u00f8 Hotell","og_description":"Ankomst Avreise 1 2 3 4 5 6 7 8 9 Voksne 0 1 2 3 4 5 6 7 8 9 Barn Overnatting sentralt i B\u00f8. N\u00e6r B\u00f8 Sommarland og Universitetet i S\u00f8r\u00f8st-Norge. &nbsp;Accommodation in B\u00f8 and Vestfold and TelemarkB\u00f8 Hotell is the closest hotel to B\u00f8 Sommarland and has the University of Southeast Norway as its nearest neighbour. ... Read More","og_url":"https:\/\/bohotell.no\/en\/accommodation\/","og_site_name":"B\u00f8 Hotell","article_modified_time":"2023-01-20T04:59:07+00:00","twitter_card":"summary_large_image","twitter_misc":{"Est. reading time":"8 minutes"},"schema":{"@context":"https:\/\/schema.org","@graph":[{"@type":"WebPage","@id":"https:\/\/bohotell.no\/en\/accommodation\/","url":"https:\/\/bohotell.no\/en\/accommodation\/","name":"Accommodation - B\u00f8 Hotell","isPartOf":{"@id":"https:\/\/bohotell.no\/en\/#website"},"datePublished":"2019-03-27T12:53:09+00:00","dateModified":"2023-01-20T04:59:07+00:00","breadcrumb":{"@id":"https:\/\/bohotell.no\/en\/accommodation\/#breadcrumb"},"inLanguage":"en-US","potentialAction":[{"@type":"ReadAction","target":["https:\/\/bohotell.no\/en\/accommodation\/"]}]},{"@type":"BreadcrumbList","@id":"https:\/\/bohotell.no\/en\/accommodation\/#breadcrumb","itemListElement":[{"@type":"ListItem","position":1,"name":"Hjem","item":"https:\/\/bohotell.no\/en\/bo-hotell\/"},{"@type":"ListItem","position":2,"name":"Accommodation"}]},{"@type":"WebSite","@id":"https:\/\/bohotell.no\/en\/#website","url":"https:\/\/bohotell.no\/en\/","name":"B\u00f8 Hotell","description":"One online experience - for everything your destination has to offer.","potentialAction":[{"@type":"SearchAction","target":{"@type":"EntryPoint","urlTemplate":"https:\/\/bohotell.no\/en\/?s={search_term_string}"},"query-input":{"@type":"PropertyValueSpecification","valueRequired":true,"valueName":"search_term_string"}}],"inLanguage":"en-US"}]}},"_links":{"self":[{"href":"https:\/\/bohotell.no\/en\/wp-json\/wp\/v2\/pages\/9689","targetHints":{"allow":["GET"]}}],"collection":[{"href":"https:\/\/bohotell.no\/en\/wp-json\/wp\/v2\/pages"}],"about":[{"href":"https:\/\/bohotell.no\/en\/wp-json\/wp\/v2\/types\/page"}],"author":[{"embeddable":true,"href":"https:\/\/bohotell.no\/en\/wp-json\/wp\/v2\/users\/6"}],"replies":[{"embeddable":true,"href":"https:\/\/bohotell.no\/en\/wp-json\/wp\/v2\/comments?post=9689"}],"version-history":[{"count":16,"href":"https:\/\/bohotell.no\/en\/wp-json\/wp\/v2\/pages\/9689\/revisions"}],"predecessor-version":[{"id":10597,"href":"https:\/\/bohotell.no\/en\/wp-json\/wp\/v2\/pages\/9689\/revisions\/10597"}],"wp:attachment":[{"href":"https:\/\/bohotell.no\/en\/wp-json\/wp\/v2\/media?parent=9689"}],"curies":[{"name":"wp","href":"https:\/\/api.w.org\/{rel}","templated":true}]}}