{"id":9680,"date":"2012-04-11T16:34:42","date_gmt":"2012-04-11T14:34:42","guid":{"rendered":"https:\/\/bohotell.no\/bo-hotell\/"},"modified":"2024-06-06T14:23:38","modified_gmt":"2024-06-06T12:23:38","slug":"bo-hotell","status":"publish","type":"page","link":"https:\/\/bohotell.no\/en\/","title":{"rendered":"Accomodation B\u00f8 i Telemark, summer holiday in B\u00f8 Sommarland, conference and meetings- B\u00f8 Hotell"},"content":{"rendered":"<div id=\"cs-content\" class=\"cs-content\"><\/div>\n","protected":false},"excerpt":{"rendered":"<p>IMPORTANT! From May 2024 to June 2025, we will be expanding the hotel with a new conference and meeting area. This should not affect you as a guest beyond having slightly reduced parking during the construction period and the possible need to use an alternative entrance to the hotel at times. Our popular hotel garden with pool and outdoor dining &#8230; <\/p>\n<div><a href=\"https:\/\/bohotell.no\/en\/golfpakke-med-spill-pa-norsjo-golfpark\/\" class=\"more-link\">Read More<\/a><\/div>\n","protected":false},"author":1,"featured_media":0,"parent":0,"menu_order":0,"comment_status":"closed","ping_status":"closed","template":"template-blank-4.php","meta":{"_relevanssi_hide_post":"","_relevanssi_hide_content":"","_relevanssi_pin_for_all":"","_relevanssi_pin_keywords":"","_relevanssi_unpin_keywords":"","_relevanssi_related_keywords":"","_relevanssi_related_include_ids":"","_relevanssi_related_exclude_ids":"","_relevanssi_related_no_append":"","_relevanssi_related_not_related":"","_relevanssi_related_posts":"","_relevanssi_noindex_reason":"","footnotes":""},"class_list":["post-9680","page","type-page","status-publish","hentry","no-post-thumbnail"],"yoast_head":"<!-- This site is optimized with the Yoast SEO plugin v27.2 - https:\/\/yoast.com\/product\/yoast-seo-wordpress\/ -->\n<title>Accommodation, summer holidays in B\u00f8 Sommarland, conferance and meeting - B\u00f8 Hotell<\/title>\n<meta name=\"description\" content=\"Accommodation centrally in B\u00f8 i Telemark, close to B\u00f8 Sommarland and the Telemark Canal. Perfect for summer holidays, conferance, meeting and leisure. Book accomodation here!\" \/>\n<meta name=\"robots\" content=\"index, follow, max-snippet:-1, max-image-preview:large, max-video-preview:-1\" \/>\n<link rel=\"canonical\" href=\"https:\/\/bohotell.no\/en\/\" \/>\n<meta property=\"og:locale\" content=\"en_US\" \/>\n<meta property=\"og:type\" content=\"article\" \/>\n<meta property=\"og:title\" content=\"Accommodation, summer holidays in B\u00f8 Sommarland, conferance and meeting - B\u00f8 Hotell\" \/>\n<meta property=\"og:description\" content=\"Accommodation centrally in B\u00f8 i Telemark, close to B\u00f8 Sommarland and the Telemark Canal. Perfect for summer holidays, conferance, meeting and leisure. Book accomodation here!\" \/>\n<meta property=\"og:url\" content=\"https:\/\/bohotell.no\/en\/\" \/>\n<meta property=\"og:site_name\" content=\"B\u00f8 Hotell\" \/>\n<meta property=\"article:modified_time\" content=\"2024-06-06T12:23:38+00:00\" \/>\n<meta name=\"twitter:card\" content=\"summary_large_image\" \/>\n<meta name=\"twitter:label1\" content=\"Est. reading time\" \/>\n\t<meta name=\"twitter:data1\" content=\"7 minutes\" \/>\n<script type=\"application\/ld+json\" class=\"yoast-schema-graph\">{\"@context\":\"https:\/\/schema.org\",\"@graph\":[{\"@type\":\"WebPage\",\"@id\":\"https:\/\/bohotell.no\/en\/\",\"url\":\"https:\/\/bohotell.no\/en\/\",\"name\":\"Accommodation, summer holidays in B\u00f8 Sommarland, conferance and meeting - B\u00f8 Hotell\",\"isPartOf\":{\"@id\":\"https:\/\/bohotell.no\/en\/#website\"},\"datePublished\":\"2012-04-11T14:34:42+00:00\",\"dateModified\":\"2024-06-06T12:23:38+00:00\",\"description\":\"Accommodation centrally in B\u00f8 i Telemark, close to B\u00f8 Sommarland and the Telemark Canal. Perfect for summer holidays, conferance, meeting and leisure. Book accomodation here!\",\"breadcrumb\":{\"@id\":\"https:\/\/bohotell.no\/en\/#breadcrumb\"},\"inLanguage\":\"en-US\",\"potentialAction\":[{\"@type\":\"ReadAction\",\"target\":[\"https:\/\/bohotell.no\/en\/\"]}]},{\"@type\":\"BreadcrumbList\",\"@id\":\"https:\/\/bohotell.no\/en\/#breadcrumb\",\"itemListElement\":[{\"@type\":\"ListItem\",\"position\":1,\"name\":\"Hjem\",\"item\":\"https:\/\/bohotell.no\/en\/bo-hotell\/\"},{\"@type\":\"ListItem\",\"position\":2,\"name\":\"Accomodation B\u00f8 i Telemark, summer holiday in B\u00f8 Sommarland, conference and meetings- B\u00f8 Hotell\"}]},{\"@type\":\"WebSite\",\"@id\":\"https:\/\/bohotell.no\/en\/#website\",\"url\":\"https:\/\/bohotell.no\/en\/\",\"name\":\"B\u00f8 Hotell\",\"description\":\"One online experience - for everything your destination has to offer.\",\"potentialAction\":[{\"@type\":\"SearchAction\",\"target\":{\"@type\":\"EntryPoint\",\"urlTemplate\":\"https:\/\/bohotell.no\/en\/?s={search_term_string}\"},\"query-input\":{\"@type\":\"PropertyValueSpecification\",\"valueRequired\":true,\"valueName\":\"search_term_string\"}}],\"inLanguage\":\"en-US\"}]}<\/script>\n<!-- \/ Yoast SEO plugin. -->","yoast_head_json":{"title":"Accommodation, summer holidays in B\u00f8 Sommarland, conferance and meeting - B\u00f8 Hotell","description":"Accommodation centrally in B\u00f8 i Telemark, close to B\u00f8 Sommarland and the Telemark Canal. Perfect for summer holidays, conferance, meeting and leisure. Book accomodation here!","robots":{"index":"index","follow":"follow","max-snippet":"max-snippet:-1","max-image-preview":"max-image-preview:large","max-video-preview":"max-video-preview:-1"},"canonical":"https:\/\/bohotell.no\/en\/","og_locale":"en_US","og_type":"article","og_title":"Accommodation, summer holidays in B\u00f8 Sommarland, conferance and meeting - B\u00f8 Hotell","og_description":"Accommodation centrally in B\u00f8 i Telemark, close to B\u00f8 Sommarland and the Telemark Canal. Perfect for summer holidays, conferance, meeting and leisure. Book accomodation here!","og_url":"https:\/\/bohotell.no\/en\/","og_site_name":"B\u00f8 Hotell","article_modified_time":"2024-06-06T12:23:38+00:00","twitter_card":"summary_large_image","twitter_misc":{"Est. reading time":"7 minutes"},"schema":{"@context":"https:\/\/schema.org","@graph":[{"@type":"WebPage","@id":"https:\/\/bohotell.no\/en\/","url":"https:\/\/bohotell.no\/en\/","name":"Accommodation, summer holidays in B\u00f8 Sommarland, conferance and meeting - B\u00f8 Hotell","isPartOf":{"@id":"https:\/\/bohotell.no\/en\/#website"},"datePublished":"2012-04-11T14:34:42+00:00","dateModified":"2024-06-06T12:23:38+00:00","description":"Accommodation centrally in B\u00f8 i Telemark, close to B\u00f8 Sommarland and the Telemark Canal. Perfect for summer holidays, conferance, meeting and leisure. Book accomodation here!","breadcrumb":{"@id":"https:\/\/bohotell.no\/en\/#breadcrumb"},"inLanguage":"en-US","potentialAction":[{"@type":"ReadAction","target":["https:\/\/bohotell.no\/en\/"]}]},{"@type":"BreadcrumbList","@id":"https:\/\/bohotell.no\/en\/#breadcrumb","itemListElement":[{"@type":"ListItem","position":1,"name":"Hjem","item":"https:\/\/bohotell.no\/en\/bo-hotell\/"},{"@type":"ListItem","position":2,"name":"Accomodation B\u00f8 i Telemark, summer holiday in B\u00f8 Sommarland, conference and meetings- B\u00f8 Hotell"}]},{"@type":"WebSite","@id":"https:\/\/bohotell.no\/en\/#website","url":"https:\/\/bohotell.no\/en\/","name":"B\u00f8 Hotell","description":"One online experience - for everything your destination has to offer.","potentialAction":[{"@type":"SearchAction","target":{"@type":"EntryPoint","urlTemplate":"https:\/\/bohotell.no\/en\/?s={search_term_string}"},"query-input":{"@type":"PropertyValueSpecification","valueRequired":true,"valueName":"search_term_string"}}],"inLanguage":"en-US"}]}},"_links":{"self":[{"href":"https:\/\/bohotell.no\/en\/wp-json\/wp\/v2\/pages\/9680","targetHints":{"allow":["GET"]}}],"collection":[{"href":"https:\/\/bohotell.no\/en\/wp-json\/wp\/v2\/pages"}],"about":[{"href":"https:\/\/bohotell.no\/en\/wp-json\/wp\/v2\/types\/page"}],"author":[{"embeddable":true,"href":"https:\/\/bohotell.no\/en\/wp-json\/wp\/v2\/users\/1"}],"replies":[{"embeddable":true,"href":"https:\/\/bohotell.no\/en\/wp-json\/wp\/v2\/comments?post=9680"}],"version-history":[{"count":14,"href":"https:\/\/bohotell.no\/en\/wp-json\/wp\/v2\/pages\/9680\/revisions"}],"predecessor-version":[{"id":11259,"href":"https:\/\/bohotell.no\/en\/wp-json\/wp\/v2\/pages\/9680\/revisions\/11259"}],"wp:attachment":[{"href":"https:\/\/bohotell.no\/en\/wp-json\/wp\/v2\/media?parent=9680"}],"curies":[{"name":"wp","href":"https:\/\/api.w.org\/{rel}","templated":true}]}}